{"id":28,"date":"2019-03-06T16:02:44","date_gmt":"2019-03-06T15:02:44","guid":{"rendered":"http:\/\/www.sportgemeinschaft-bamberg.de\/?page_id=28"},"modified":"2020-02-06T14:11:31","modified_gmt":"2020-02-06T13:11:31","slug":"kontakt","status":"publish","type":"page","link":"https:\/\/www.sportgemeinschaft-bamberg.de\/index.php\/kontakt\/","title":{"rendered":"Kontakt"},"content":{"rendered":"\n<p><strong>Vorstand<\/strong><br><br>1. Vorstand<br>Sven Post<br>0951 1898 2200<br><br>2. Vorstand<br>Udo Rebhann<br>0951 1898 1395<br><br><strong>Kassierer<\/strong><br>Felix Kestel<br>0951 1898 5581<br><br><strong>Schriftf\u00fchrerin<\/strong><br>Stefanie Breitenbach<br>0951 189 2756<br><br><strong>Verantwortlicher Ansprechpartner<\/strong><br>Benedikt B\u00f6tsch<br>Carl-Meinelt-Stra\u00dfe. 10<br>96050 Bamberg<br>0951 1898 3960<\/p>\n","protected":false},"excerpt":{"rendered":"<p>Vorstand 1. VorstandSven Post0951 1898 2200 2. VorstandUdo Rebhann0951 1898 1395 KassiererFelix Kestel0951 1898 5581 Schriftf\u00fchrerinStefanie Breitenbach0951 189 2756 Verantwortlicher AnsprechpartnerBenedikt B\u00f6tschCarl-Meinelt-Stra\u00dfe. 1096050 Bamberg0951 1898 3960<\/p>\n","protected":false},"author":1,"featured_media":0,"parent":0,"menu_order":0,"comment_status":"closed","ping_status":"closed","template":"","meta":{"footnotes":""},"_links":{"self":[{"href":"https:\/\/www.sportgemeinschaft-bamberg.de\/index.php\/wp-json\/wp\/v2\/pages\/28"}],"collection":[{"href":"https:\/\/www.sportgemeinschaft-bamberg.de\/index.php\/wp-json\/wp\/v2\/pages"}],"about":[{"href":"https:\/\/www.sportgemeinschaft-bamberg.de\/index.php\/wp-json\/wp\/v2\/types\/page"}],"author":[{"embeddable":true,"href":"https:\/\/www.sportgemeinschaft-bamberg.de\/index.php\/wp-json\/wp\/v2\/users\/1"}],"replies":[{"embeddable":true,"href":"https:\/\/www.sportgemeinschaft-bamberg.de\/index.php\/wp-json\/wp\/v2\/comments?post=28"}],"version-history":[{"count":3,"href":"https:\/\/www.sportgemeinschaft-bamberg.de\/index.php\/wp-json\/wp\/v2\/pages\/28\/revisions"}],"predecessor-version":[{"id":144,"href":"https:\/\/www.sportgemeinschaft-bamberg.de\/index.php\/wp-json\/wp\/v2\/pages\/28\/revisions\/144"}],"wp:attachment":[{"href":"https:\/\/www.sportgemeinschaft-bamberg.de\/index.php\/wp-json\/wp\/v2\/media?parent=28"}],"curies":[{"name":"wp","href":"https:\/\/api.w.org\/{rel}","templated":true}]}}